{"id":1725,"date":"2012-09-04T11:35:06","date_gmt":"2012-09-04T10:35:06","guid":{"rendered":"http:\/\/sit.pedf.cuni.cz\/?page_id=1725"},"modified":"2015-10-15T14:44:28","modified_gmt":"2015-10-15T12:44:28","slug":"provozni-rad-pocitacove-studovny-r135","status":"publish","type":"page","link":"https:\/\/sit.pedf.cuni.cz\/en\/pro-studenty\/pocitacove-studovny\/provozni-rad-pocitacove-studovny-r135\/","title":{"rendered":"Provozn\u00ed \u0159\u00e1d po\u010d\u00edta\u010dov\u00e9 studovny R135"},"content":{"rendered":"<p class=\"qtranxs-available-languages-message qtranxs-available-languages-message-en\">Sorry, this entry is only available in <a href=\"https:\/\/sit.pedf.cuni.cz\/cz\/wp-json\/wp\/v2\/pages\/1725\" class=\"qtranxs-available-language-link qtranxs-available-language-link-cz\" title=\"\u010cesky\">\u010cesky<\/a>.<\/p>","protected":false},"excerpt":{"rendered":"<p>Sorry, this entry is only available in \u010cesky.<\/p>\n","protected":false},"author":1,"featured_media":0,"parent":285,"menu_order":0,"comment_status":"closed","ping_status":"closed","template":"","meta":{"footnotes":""},"class_list":["post-1725","page","type-page","status-publish","hentry"],"_links":{"self":[{"href":"https:\/\/sit.pedf.cuni.cz\/en\/wp-json\/wp\/v2\/pages\/1725","targetHints":{"allow":["GET"]}}],"collection":[{"href":"https:\/\/sit.pedf.cuni.cz\/en\/wp-json\/wp\/v2\/pages"}],"about":[{"href":"https:\/\/sit.pedf.cuni.cz\/en\/wp-json\/wp\/v2\/types\/page"}],"author":[{"embeddable":true,"href":"https:\/\/sit.pedf.cuni.cz\/en\/wp-json\/wp\/v2\/users\/1"}],"replies":[{"embeddable":true,"href":"https:\/\/sit.pedf.cuni.cz\/en\/wp-json\/wp\/v2\/comments?post=1725"}],"version-history":[{"count":1,"href":"https:\/\/sit.pedf.cuni.cz\/en\/wp-json\/wp\/v2\/pages\/1725\/revisions"}],"predecessor-version":[{"id":1726,"href":"https:\/\/sit.pedf.cuni.cz\/en\/wp-json\/wp\/v2\/pages\/1725\/revisions\/1726"}],"up":[{"embeddable":true,"href":"https:\/\/sit.pedf.cuni.cz\/en\/wp-json\/wp\/v2\/pages\/285"}],"wp:attachment":[{"href":"https:\/\/sit.pedf.cuni.cz\/en\/wp-json\/wp\/v2\/media?parent=1725"}],"curies":[{"name":"wp","href":"https:\/\/api.w.org\/{rel}","templated":true}]}}