{"id":2559,"date":"2014-02-27T15:42:34","date_gmt":"2014-02-27T14:42:34","guid":{"rendered":"http:\/\/sit.pedf.cuni.cz\/?page_id=2559"},"modified":"2020-11-21T23:09:33","modified_gmt":"2020-11-21T22:09:33","slug":"2559-2","status":"publish","type":"page","link":"https:\/\/sit.pedf.cuni.cz\/en\/","title":{"rendered":"St\u0159edisko informa\u010dn\u00edch technologi\u00ed"},"content":{"rendered":"&nbsp;<\/p>\n<table align=\"center\">\n<tbody>\n<tr>\n<td style=\"vertical-align: top;\">\n<h2 style=\"text-align: center;\"><a href=\"http:\/\/sit.pedf.cuni.cz\/en\/office-365\/\">Office 365<\/a><\/h2>\n<p><a href=\"http:\/\/sit.pedf.cuni.cz\/office-365\/\"><img loading=\"lazy\" decoding=\"async\" class=\"aligncenter wp-image-3009 size-medium\" src=\"\/wp-content\/uploads\/Office2013General1-300x182.jpg\" alt=\"Office2013General1\" width=\"300\" height=\"182\" srcset=\"https:\/\/sit.pedf.cuni.cz\/wp-content\/uploads\/Office2013General1-300x182.jpg 300w, https:\/\/sit.pedf.cuni.cz\/wp-content\/uploads\/Office2013General1.jpg 730w\" sizes=\"auto, (max-width: 300px) 100vw, 300px\" \/><\/a><\/td>\n<td style=\"vertical-align: top;\">\n<h2 style=\"text-align: center;\"><a title=\"Wi-Fi\" href=\"http:\/\/sit.pedf.cuni.cz\/en\/wi-fi\/\">Wi-Fi<\/a><\/h2>\n<p><a href=\"\/wi-fi\"><img loading=\"lazy\" decoding=\"async\" class=\"size-full wp-image-3036 aligncenter\" src=\"\/wp-content\/uploads\/eduroam.png\" alt=\"eduroam\" width=\"300\" height=\"225\" \/><\/a><\/td>\n<td style=\"vertical-align: top;\">\n<h2 style=\"text-align: center;\"><a href=\"https:\/\/sit.pedf.cuni.cz\/en\/pro-studenty\/\">For students<\/a><\/h2>\n<p><a href=\"\/pro-studenty\"><img loading=\"lazy\" decoding=\"async\" class=\"size-medium wp-image-3509 aligncenter\" src=\"https:\/\/sit.pedf.cuni.cz\/wp-content\/uploads\/students-300x277.png\" alt=\"students\" width=\"300\" height=\"277\" srcset=\"https:\/\/sit.pedf.cuni.cz\/wp-content\/uploads\/students-300x277.png 300w, https:\/\/sit.pedf.cuni.cz\/wp-content\/uploads\/students-1024x944.png 1024w, https:\/\/sit.pedf.cuni.cz\/wp-content\/uploads\/students.png 1074w\" sizes=\"auto, (max-width: 300px) 100vw, 300px\" \/><\/a><\/td>\n<td style=\"vertical-align: top;\">\n<h2 style=\"text-align: center;\"><a href=\"https:\/\/sit.pedf.cuni.cz\/en\/pro-zamestnance\/\">For Employees<\/a><\/h2>\n<h2><a href=\"http:\/\/pozadavky.pedf.cuni.cz\" rel=\"attachment wp-att-3553\"><img loading=\"lazy\" decoding=\"async\" class=\"aligncenter wp-image-3553\" src=\"https:\/\/sit.pedf.cuni.cz\/wp-content\/uploads\/ucitel.jpg\" alt=\"ucitel\" width=\"293\" height=\"195\" srcset=\"https:\/\/sit.pedf.cuni.cz\/wp-content\/uploads\/ucitel.jpg 484w, https:\/\/sit.pedf.cuni.cz\/wp-content\/uploads\/ucitel-300x200.jpg 300w\" sizes=\"auto, (max-width: 293px) 100vw, 293px\" \/><\/a><\/h2>\n<\/td>\n<\/tr>\n<\/tbody>\n<\/table>","protected":false},"excerpt":{"rendered":"<p>&nbsp; Office 365 Wi-Fi For students For Employees<\/p>\n","protected":false},"author":1,"featured_media":0,"parent":0,"menu_order":0,"comment_status":"closed","ping_status":"closed","template":"","meta":{"footnotes":""},"class_list":["post-2559","page","type-page","status-publish","hentry"],"_links":{"self":[{"href":"https:\/\/sit.pedf.cuni.cz\/en\/wp-json\/wp\/v2\/pages\/2559","targetHints":{"allow":["GET"]}}],"collection":[{"href":"https:\/\/sit.pedf.cuni.cz\/en\/wp-json\/wp\/v2\/pages"}],"about":[{"href":"https:\/\/sit.pedf.cuni.cz\/en\/wp-json\/wp\/v2\/types\/page"}],"author":[{"embeddable":true,"href":"https:\/\/sit.pedf.cuni.cz\/en\/wp-json\/wp\/v2\/users\/1"}],"replies":[{"embeddable":true,"href":"https:\/\/sit.pedf.cuni.cz\/en\/wp-json\/wp\/v2\/comments?post=2559"}],"version-history":[{"count":23,"href":"https:\/\/sit.pedf.cuni.cz\/en\/wp-json\/wp\/v2\/pages\/2559\/revisions"}],"predecessor-version":[{"id":4157,"href":"https:\/\/sit.pedf.cuni.cz\/en\/wp-json\/wp\/v2\/pages\/2559\/revisions\/4157"}],"wp:attachment":[{"href":"https:\/\/sit.pedf.cuni.cz\/en\/wp-json\/wp\/v2\/media?parent=2559"}],"curies":[{"name":"wp","href":"https:\/\/api.w.org\/{rel}","templated":true}]}}