{"id":2717,"date":"2014-05-20T17:08:09","date_gmt":"2014-05-20T16:08:09","guid":{"rendered":"http:\/\/sit.pedf.cuni.cz\/?page_id=2717"},"modified":"2021-05-04T15:16:01","modified_gmt":"2021-05-04T13:16:01","slug":"eduroam","status":"publish","type":"page","link":"https:\/\/sit.pedf.cuni.cz\/en\/wi-fi\/eduroam\/","title":{"rendered":"Wi-Fi Eduroam"},"content":{"rendered":"<img loading=\"lazy\" decoding=\"async\" class=\"wp-image-1910 aligncenter\" src=\"http:\/\/sit.pedf.cuni.cz\/wp-content\/uploads\/eduroam_300pix0.png\" alt=\"eduroam_300pix0\" width=\"300\" height=\"130\" \/><\/p>\n<h4><strong>Information about Eduroam<\/strong><\/h4>\n<p style=\"padding-left: 30px;\">Eduroam (<strong>edu<\/strong>cation <strong>roam<\/strong>ing) is the secure, world-wide roaming access service developed for the international research and education community. Eduroam allows students, researchers and staff from participating institutions to obtain Internet connectivity across campus and when visiting other participating institutions by simply opening their laptop.<\/p>\n<h4><strong>Eduroam wifi in the Czech Rep. (list of connected institutions and interactive map)<\/strong><\/h4>\n<div><a href=\"http:\/\/eduroam.cz\/cs\/pripojene_organizace\" target=\"_blank\" rel=\"noopener noreferrer\"><img loading=\"lazy\" decoding=\"async\" class=\"wp-image-2081 aligncenter\" src=\"http:\/\/sit.pedf.cuni.cz\/wp-content\/uploads\/Eduroam-CR-300x175.png\" alt=\"Eduroam-CR\" width=\"300\" height=\"175\" srcset=\"https:\/\/sit.pedf.cuni.cz\/wp-content\/uploads\/Eduroam-CR-300x175.png 300w, https:\/\/sit.pedf.cuni.cz\/wp-content\/uploads\/Eduroam-CR.png 636w\" sizes=\"auto, (max-width: 300px) 100vw, 300px\" \/><\/a><\/div>\n<div>\n<h4>Eduroam wifi in the world<\/h4>\n<\/div>\n<div><a href=\"https:\/\/www.eduroam.org\/index.php?p=where\" target=\"_blank\" rel=\"noopener noreferrer\"><img loading=\"lazy\" decoding=\"async\" class=\"wp-image-3000 aligncenter\" src=\"http:\/\/sit.pedf.cuni.cz\/wp-content\/uploads\/eduroam-world-map-300x150.png\" alt=\"\" width=\"300\" height=\"150\" srcset=\"https:\/\/sit.pedf.cuni.cz\/wp-content\/uploads\/eduroam-world-map-300x150.png 300w, https:\/\/sit.pedf.cuni.cz\/wp-content\/uploads\/eduroam-world-map-1024x514.png 1024w, https:\/\/sit.pedf.cuni.cz\/wp-content\/uploads\/eduroam-world-map-460x230.png 460w, https:\/\/sit.pedf.cuni.cz\/wp-content\/uploads\/eduroam-world-map.png 1440w\" sizes=\"auto, (max-width: 300px) 100vw, 300px\" \/><\/a><\/div>\n<h4><strong>How to connect to Eduroam network for the first time (Eduroam network settings)<\/strong><\/h4>\n<p style=\"padding-left: 30px;\" align=\"justify\">You need to be connected to the Internet to set up Eduroam. If you are in the PedF building, you can use Wi-Fi pedf-public. After connecting to the pedf-public network, open the web browser. The login form appears. Select the &#8220;University login&#8221; option and log in with your CAS password (as in SIS).<\/p>\n<p style=\"padding-left: 40px;\"><strong class=\"collapseomatic p\" id=\"id69e2bb617f2b8\"  tabindex=\"0\" title=\"1. Create Eduroam password or view the password you set earlier\"    >1. Create Eduroam password or view the password you set earlier<\/strong><div id=\"target-id69e2bb617f2b8\" class=\"collapseomatic_content \">\n<p style=\"padding-left: 70px;\">If you already have Eduroam account (e.g. at your home university), you can use the account from your university.<\/p>\n<p style=\"padding-left: 70px;\">If you don&#8217;t have Eduroam at your home university:<\/p>\n<ul>\n<li style=\"list-style-type: none;\">\n<ul>\n<li style=\"list-style-type: none;\">\n<ul>\n<li style=\"list-style-type: none;\">\n<ul>\n<li style=\"list-style-type: none;\">\n<ul>\n<li>Log in with the <a title=\"P\u0159ihla\u0161ovac\u00ed \u00fadaje\" href=\"http:\/\/sit.pedf.cuni.cz\/pro-studenty\/prihlasovaci-udaje\/\">university account (CAS)<\/a> at <em><a href=\"http:\/\/cas.cuni.cz\" target=\"_blank\" rel=\"noopener noreferrer\">cas.cuni.cz<\/a>.\u00a0<\/em>If you log-in for the first time, you will be asked to change your CAS password.<\/li>\n<li>Choose from left menu: <em>Other accounts &#8211; Set password for eduroam realm cuni.cz<\/em><\/li>\n<li><strong>Set your password for Eduroam<\/strong>. Please note that if you do not have a validated CAS password, you will not be able to set a password for Eduroam. If this is the case, please visit the <a href=\"http:\/\/www.cuni.cz\/UKEN-135.html\">Card Service Centre<\/a>. You can also show your password if you have set it before (the button &#8220;<em>Show your password&#8221;<\/em>).<\/li>\n<li><strong>Your login is yournumber@cuni.cz<\/strong>, e.g. 12345678@cuni.cz. You can see your student number under the photo on your student card.<\/li>\n<\/ul>\n<\/li>\n<\/ul>\n<\/li>\n<\/ul>\n<\/li>\n<\/ul>\n<\/li>\n<\/ul>\n<p style=\"padding-left: 110px;\"><img loading=\"lazy\" decoding=\"async\" class=\"wp-image-2743 alignnone\" src=\"http:\/\/sit.pedf.cuni.cz\/wp-content\/uploads\/eduroam-en-1024x647.png\" alt=\"eduroam-en\" width=\"407\" height=\"257\" srcset=\"https:\/\/sit.pedf.cuni.cz\/wp-content\/uploads\/eduroam-en-1024x647.png 1024w, https:\/\/sit.pedf.cuni.cz\/wp-content\/uploads\/eduroam-en-300x189.png 300w, https:\/\/sit.pedf.cuni.cz\/wp-content\/uploads\/eduroam-en.png 1128w\" sizes=\"auto, (max-width: 407px) 100vw, 407px\" \/><\/p>\n<p style=\"padding-left: 40px;\"><\/div>\n<p style=\"padding-left: 40px;\"><strong class=\"collapseomatic p\" id=\"id69e2bb617f2ed\"  tabindex=\"0\" title=\"2. First connection to Wi-Fi Eduroam\"    >2. First connection to Wi-Fi Eduroam<\/strong><div id=\"target-id69e2bb617f2ed\" class=\"collapseomatic_content \">\n<p style=\"padding-left: 80px;\">If you are in the PedF building and have not set up Eduroam yet, you can use the pedf-public network for your first connection and Eduroam settings. However, we do not recommend using this network in the long term.<\/p>\n<p style=\"padding-left: 80px;\"><strong>Mobile phones and tablets<\/strong><\/p>\n<ul>\n<li style=\"list-style-type: none;\">\n<ul>\n<li style=\"list-style-type: none;\">\n<ul>\n<li style=\"list-style-type: none;\">\n<ul>\n<li style=\"list-style-type: none;\">\n<ul>\n<li style=\"list-style-type: none;\">\n<ul>\n<li><strong>Android<\/strong>: Use application <strong>eduroam CAT<\/strong> from GEANT Association (on Google Play)<\/li>\n<\/ul>\n<\/li>\n<\/ul>\n<\/li>\n<\/ul>\n<\/li>\n<\/ul>\n<\/li>\n<\/ul>\n<\/li>\n<\/ul>\n<p style=\"padding-left: 120px;\">Information you will need to set up Eduroam:<\/p>\n<p style=\"padding-left: 120px;\">Institution: Univerzita Karlova<br \/>\nUsername: yournumber@cuni.cz<br \/>\nPassword: you set it in the previous step<\/p>\n<p>&nbsp;<\/p>\n<ul>\n<li style=\"list-style-type: none;\">\n<ul>\n<li style=\"list-style-type: none;\">\n<ul>\n<li style=\"list-style-type: none;\">\n<ul>\n<li style=\"list-style-type: none;\">\n<ul>\n<li style=\"list-style-type: none;\">\n<ul>\n<li><strong>iOS<\/strong>: use Safari (not chrome), go to <a href=\"https:\/\/cat.eduroam.org\/\">https:\/\/cat.eduroam.org\/<\/a> and select your home institution and the appropriate profile. Download and install the installation profile.<\/li>\n<\/ul>\n<\/li>\n<\/ul>\n<\/li>\n<\/ul>\n<\/li>\n<\/ul>\n<\/li>\n<\/ul>\n<\/li>\n<\/ul>\n<p style=\"padding-left: 120px;\"><span style=\"color: #ff0000;\"><strong>ATTENTION<\/strong><\/span>: Windows Phone and Android earlier than 4.3 are not supported.<\/p>\n<p style=\"padding-left: 80px;\"><strong>Windows Vista, 7, 8, 10<\/strong><\/p>\n<p style=\"padding-left: 120px;\">Go to <a href=\"https:\/\/cat.eduroam.org\/\">https:\/\/cat.eduroam.org\/<\/a> and select your home institution and the appropriate profile. Download and install the installation profile.<\/p>\n<p style=\"padding-left: 120px;\">Information you will need to set up Eduroam:<\/p>\n<p style=\"padding-left: 120px;\">Institution: Univerzita Karlova<br \/>\nUsername: yournumber@cuni.cz<br \/>\nPassword: you set it in the previous step<\/p>\n<p style=\"padding-left: 40px;\"><\/div>\n<p style=\"padding-left: 40px;\"><strong class=\"collapseomatic p\" id=\"id69e2bb617f330\"  tabindex=\"0\" title=\"3. eduroam Companion - App for Apple and Android\"    >3. eduroam Companion - App for Apple and Android<\/strong><div id=\"target-id69e2bb617f330\" class=\"collapseomatic_content \">\n<div class=\"id-app-orig-desc\">\n<p style=\"padding-left: 80px;\">The eduroam Companion app provides users with the locations eduroam-enabled institutions worldwide, allowing them to locate the nearest source of secure internet access.<\/p>\n<\/div>\n<div class=\"id-app-orig-desc\" style=\"padding-left: 80px;\"><\/div>\n<div class=\"id-app-orig-desc\" style=\"padding-left: 80px;\"><a href=\"https:\/\/itunes.apple.com\/gb\/app\/eduroam-companion\/id480611749\" target=\"_blank\" rel=\"noopener noreferrer\">https:\/\/itunes.apple.com\/gb\/app\/eduroam-companion\/id480611749<\/a><\/div>\n<p style=\"padding-left: 80px;\"><a href=\"https:\/\/play.google.com\/store\/apps\/details?id=net.ja.android.eduroamcompanion\" target=\"_blank\" rel=\"noopener noreferrer\">https:\/\/play.google.com\/store\/apps\/details?id=net.ja.android.eduroamcompanion<\/a><\/p>\n<p style=\"padding-left: 40px;\"><\/div>\n<div class=\"id-app-orig-desc\"><\/div>\n<h4><strong>FAQ<br \/>\n<\/strong><\/h4>\n<p style=\"padding-left: 40px;\"><strong class=\"collapseomatic p\" id=\"id69e2bb617f3a0\"  tabindex=\"0\" title=\"&lt;strong&gt;Forgotten password&lt;\/strong&gt;\"    ><strong>Forgotten password<\/strong><\/strong><div id=\"target-id69e2bb617f3a0\" class=\"collapseomatic_content \">\n<p style=\"padding-left: 70px;\">You can show your password at http:\/\/cas.cuni.cz<\/p>\n<p style=\"padding-left: 40px;\"><\/div>\n<p style=\"padding-left: 40px;\"><strong class=\"collapseomatic p\" id=\"id69e2bb617f468\"  tabindex=\"0\" title=\"&lt;strong&gt;Not able to connect&lt;\/strong&gt;\"    ><strong>Not able to connect<\/strong><\/strong><div id=\"target-id69e2bb617f468\" class=\"collapseomatic_content \"><strong><br \/>\n<\/strong><\/p>\n<p style=\"padding-left: 70px;\">Check your username &#8211; it should be <strong>yournumber@cuni.cz<\/strong><\/p>\n<p style=\"padding-left: 70px;\">Check your password. It is different from your university password. You can show it after login at http:\/\/cas.cuni.cz.<\/p>\n<p style=\"padding-left: 40px;\"><\/div>\n<p style=\"padding-left: 40px;\"><strong class=\"collapseomatic p\" id=\"id69e2bb617f4f3\"  tabindex=\"0\" title=\"&lt;strong&gt;Not able to set the password at cas.cuni.cz, because I don&#039;t have verified password&lt;\/strong&gt;\"    ><strong>Not able to set the password at cas.cuni.cz, because I don't have verified password<\/strong><\/strong><div id=\"target-id69e2bb617f4f3\" class=\"collapseomatic_content \"><strong><br \/>\n<\/strong><\/p>\n<p style=\"padding-left: 70px;\">Visit <a href=\"http:\/\/www.cuni.cz\/UKEN-135.html\">Card Service Centre<\/a>.<\/p>\n<p style=\"padding-left: 40px;\"><\/div>\n<hr \/>","protected":false},"excerpt":{"rendered":"<p><img loading=\"lazy\" decoding=\"async\" class=\"wp-image-1910 alignnone\" src=\"http:\/\/sit.pedf.cuni.cz\/wp-content\/uploads\/eduroam_300pix0.png\" alt=\"eduroam_300pix0\" width=\"205\" height=\"89\" \/><\/p>\n<p>Secured Wi-Fi. After first setting your device connects automaticaly. You can use more devices at the same time (notebook, mobile phone, tablet).<\/p>\n","protected":false},"author":1,"featured_media":2647,"parent":7,"menu_order":1,"comment_status":"closed","ping_status":"closed","template":"","meta":{"footnotes":""},"class_list":["post-2717","page","type-page","status-publish","has-post-thumbnail","hentry"],"_links":{"self":[{"href":"https:\/\/sit.pedf.cuni.cz\/en\/wp-json\/wp\/v2\/pages\/2717","targetHints":{"allow":["GET"]}}],"collection":[{"href":"https:\/\/sit.pedf.cuni.cz\/en\/wp-json\/wp\/v2\/pages"}],"about":[{"href":"https:\/\/sit.pedf.cuni.cz\/en\/wp-json\/wp\/v2\/types\/page"}],"author":[{"embeddable":true,"href":"https:\/\/sit.pedf.cuni.cz\/en\/wp-json\/wp\/v2\/users\/1"}],"replies":[{"embeddable":true,"href":"https:\/\/sit.pedf.cuni.cz\/en\/wp-json\/wp\/v2\/comments?post=2717"}],"version-history":[{"count":69,"href":"https:\/\/sit.pedf.cuni.cz\/en\/wp-json\/wp\/v2\/pages\/2717\/revisions"}],"predecessor-version":[{"id":4189,"href":"https:\/\/sit.pedf.cuni.cz\/en\/wp-json\/wp\/v2\/pages\/2717\/revisions\/4189"}],"up":[{"embeddable":true,"href":"https:\/\/sit.pedf.cuni.cz\/en\/wp-json\/wp\/v2\/pages\/7"}],"wp:featuredmedia":[{"embeddable":true,"href":"https:\/\/sit.pedf.cuni.cz\/en\/wp-json\/wp\/v2\/media\/2647"}],"wp:attachment":[{"href":"https:\/\/sit.pedf.cuni.cz\/en\/wp-json\/wp\/v2\/media?parent=2717"}],"curies":[{"name":"wp","href":"https:\/\/api.w.org\/{rel}","templated":true}]}}