{"id":2718,"date":"2014-05-20T17:08:03","date_gmt":"2014-05-20T16:08:03","guid":{"rendered":"http:\/\/sit.pedf.cuni.cz\/?page_id=2718"},"modified":"2021-10-14T10:10:49","modified_gmt":"2021-10-14T08:10:49","slug":"pedf-basic","status":"publish","type":"page","link":"https:\/\/sit.pedf.cuni.cz\/en\/wi-fi\/pedf-basic\/","title":{"rendered":"Wi-Fi Pedf-public"},"content":{"rendered":"<p style=\"padding-left: 30px;\">Not secured Wi-fi. Login required every time (using web browser). Only one device can be connected at the same time.<\/p>\n<ol style=\"padding-left: 30px;\">\n<li>Connect to pedf-public<\/li>\n<li>Open web browser. If you are not reloaded to login page, go to <a href=\"http:\/\/web.pedf.cuni.cz\/wifidog\/\">http:\/\/web.pedf.cuni.cz\/wifidog\/<\/a><\/li>\n<li>Fill the form: <i>U\u017eivatelsk\u00e9 jm\u00e9no: <\/i>your student number, <i>Heslo: <\/i>CAS password<i>, Typ\u00a0u\u017eivatele: <\/i>univerzitn\u00ed. Click <i>P\u0159ihl\u00e1sit.<\/i><\/li>\n<\/ol>\n<p style=\"padding-left: 30px;\"><a href=\"http:\/\/sit.pedf.cuni.cz\/wp-content\/uploads\/wifi-prihlaseni.png\"><img loading=\"lazy\" decoding=\"async\" title=\"wifi-prihlaseni\" src=\"http:\/\/sit.pedf.cuni.cz\/wp-content\/uploads\/wifi-prihlaseni-1024x593.png\" alt=\"\" width=\"450\" height=\"260\" \/><\/a><\/p>","protected":false},"excerpt":{"rendered":"<p>Not secured, but easy to use. Login required every time (using web browser). Only one device can be connected at the same time.<\/p>\n","protected":false},"author":1,"featured_media":0,"parent":7,"menu_order":2,"comment_status":"closed","ping_status":"closed","template":"","meta":{"footnotes":""},"class_list":["post-2718","page","type-page","status-publish","hentry"],"_links":{"self":[{"href":"https:\/\/sit.pedf.cuni.cz\/en\/wp-json\/wp\/v2\/pages\/2718","targetHints":{"allow":["GET"]}}],"collection":[{"href":"https:\/\/sit.pedf.cuni.cz\/en\/wp-json\/wp\/v2\/pages"}],"about":[{"href":"https:\/\/sit.pedf.cuni.cz\/en\/wp-json\/wp\/v2\/types\/page"}],"author":[{"embeddable":true,"href":"https:\/\/sit.pedf.cuni.cz\/en\/wp-json\/wp\/v2\/users\/1"}],"replies":[{"embeddable":true,"href":"https:\/\/sit.pedf.cuni.cz\/en\/wp-json\/wp\/v2\/comments?post=2718"}],"version-history":[{"count":29,"href":"https:\/\/sit.pedf.cuni.cz\/en\/wp-json\/wp\/v2\/pages\/2718\/revisions"}],"predecessor-version":[{"id":4215,"href":"https:\/\/sit.pedf.cuni.cz\/en\/wp-json\/wp\/v2\/pages\/2718\/revisions\/4215"}],"up":[{"embeddable":true,"href":"https:\/\/sit.pedf.cuni.cz\/en\/wp-json\/wp\/v2\/pages\/7"}],"wp:attachment":[{"href":"https:\/\/sit.pedf.cuni.cz\/en\/wp-json\/wp\/v2\/media?parent=2718"}],"curies":[{"name":"wp","href":"https:\/\/api.w.org\/{rel}","templated":true}]}}