{"id":3401,"date":"2015-07-08T10:59:44","date_gmt":"2015-07-08T08:59:44","guid":{"rendered":"https:\/\/sit.pedf.cuni.cz\/?page_id=3401"},"modified":"2015-07-08T11:00:38","modified_gmt":"2015-07-08T09:00:38","slug":"stranka-nenalezena","status":"publish","type":"page","link":"https:\/\/sit.pedf.cuni.cz\/en\/stranka-nenalezena\/","title":{"rendered":"Po\u017eadovan\u00e1 str\u00e1nka na serveru Userweb nebyla nalezena"},"content":{"rendered":"<p class=\"qtranxs-available-languages-message qtranxs-available-languages-message-en\">Sorry, this entry is only available in <a href=\"https:\/\/sit.pedf.cuni.cz\/cz\/wp-json\/wp\/v2\/pages\/3401\" class=\"qtranxs-available-language-link qtranxs-available-language-link-cz\" title=\"\u010cesky\">\u010cesky<\/a>.<\/p>","protected":false},"excerpt":{"rendered":"<p>Sorry, this entry is only available in \u010cesky.<\/p>\n","protected":false},"author":1,"featured_media":0,"parent":0,"menu_order":0,"comment_status":"closed","ping_status":"closed","template":"","meta":{"footnotes":""},"class_list":["post-3401","page","type-page","status-publish","hentry"],"_links":{"self":[{"href":"https:\/\/sit.pedf.cuni.cz\/en\/wp-json\/wp\/v2\/pages\/3401","targetHints":{"allow":["GET"]}}],"collection":[{"href":"https:\/\/sit.pedf.cuni.cz\/en\/wp-json\/wp\/v2\/pages"}],"about":[{"href":"https:\/\/sit.pedf.cuni.cz\/en\/wp-json\/wp\/v2\/types\/page"}],"author":[{"embeddable":true,"href":"https:\/\/sit.pedf.cuni.cz\/en\/wp-json\/wp\/v2\/users\/1"}],"replies":[{"embeddable":true,"href":"https:\/\/sit.pedf.cuni.cz\/en\/wp-json\/wp\/v2\/comments?post=3401"}],"version-history":[{"count":0,"href":"https:\/\/sit.pedf.cuni.cz\/en\/wp-json\/wp\/v2\/pages\/3401\/revisions"}],"wp:attachment":[{"href":"https:\/\/sit.pedf.cuni.cz\/en\/wp-json\/wp\/v2\/media?parent=3401"}],"curies":[{"name":"wp","href":"https:\/\/api.w.org\/{rel}","templated":true}]}}