{"id":835,"date":"2011-03-11T15:13:02","date_gmt":"2011-03-11T14:13:02","guid":{"rendered":"http:\/\/sit.pedf.cuni.cz\/?page_id=835"},"modified":"2013-09-25T12:33:52","modified_gmt":"2013-09-25T11:33:52","slug":"pravidla-pocitacove-site-pedf","status":"publish","type":"page","link":"https:\/\/sit.pedf.cuni.cz\/en\/pravidla-pocitacove-site-pedf\/","title":{"rendered":"Pravidla po\u010d\u00edta\u010dov\u00e9 s\u00edt\u011b PedF"},"content":{"rendered":"<p class=\"qtranxs-available-languages-message qtranxs-available-languages-message-en\">Sorry, this entry is only available in <a href=\"https:\/\/sit.pedf.cuni.cz\/cz\/wp-json\/wp\/v2\/pages\/835\" class=\"qtranxs-available-language-link qtranxs-available-language-link-cz\" title=\"\u010cesky\">\u010cesky<\/a>.<\/p>","protected":false},"excerpt":{"rendered":"<p>Sorry, this entry is only available in \u010cesky.<\/p>\n","protected":false},"author":1,"featured_media":0,"parent":0,"menu_order":0,"comment_status":"closed","ping_status":"closed","template":"","meta":{"footnotes":""},"class_list":["post-835","page","type-page","status-publish","hentry"],"_links":{"self":[{"href":"https:\/\/sit.pedf.cuni.cz\/en\/wp-json\/wp\/v2\/pages\/835","targetHints":{"allow":["GET"]}}],"collection":[{"href":"https:\/\/sit.pedf.cuni.cz\/en\/wp-json\/wp\/v2\/pages"}],"about":[{"href":"https:\/\/sit.pedf.cuni.cz\/en\/wp-json\/wp\/v2\/types\/page"}],"author":[{"embeddable":true,"href":"https:\/\/sit.pedf.cuni.cz\/en\/wp-json\/wp\/v2\/users\/1"}],"replies":[{"embeddable":true,"href":"https:\/\/sit.pedf.cuni.cz\/en\/wp-json\/wp\/v2\/comments?post=835"}],"version-history":[{"count":0,"href":"https:\/\/sit.pedf.cuni.cz\/en\/wp-json\/wp\/v2\/pages\/835\/revisions"}],"wp:attachment":[{"href":"https:\/\/sit.pedf.cuni.cz\/en\/wp-json\/wp\/v2\/media?parent=835"}],"curies":[{"name":"wp","href":"https:\/\/api.w.org\/{rel}","templated":true}]}}